{"id":400,"date":"2021-07-21T11:04:16","date_gmt":"2021-07-21T14:04:16","guid":{"rendered":"https:\/\/www.ihumanize.org\/?page_id=400"},"modified":"2023-05-24T14:32:53","modified_gmt":"2023-05-24T17:32:53","slug":"entrepreneurship-and-socio-environmental-impact-bunsinesses","status":"publish","type":"page","link":"https:\/\/www.ihumanize.org\/en\/entrepreneurship-and-socio-environmental-impact-bunsinesses\/","title":{"rendered":"Entrepreneurship and Socio-Environmental Impact Businesses (NISA)"},"content":{"rendered":"<p>The Entrepreneurship and Socio-Environmental Impact Businesses Program of the Humanize Institute stimulates the impact ecosystem in Brazil by supporting implementing organizations \u2013 which operate in rural areas and urban peripheries, and which work with inclusive businesses structured from socio-biodiversity productive chains.<\/p>\n<p>In this sense, Humanize directs efforts to different fronts, working to collaborate, for example, with the generation and dissemination of knowledge; the development of innovative financial mechanisms; and support for the enabling organizations that foster impact businesses. In addition, H.I. aims at promoting a structuring action, with reproducibility potential, guided by medium and long-term projects.<\/p>\n<p>With the this program, the institution is committed to working towards contributing to territorial development in a way that is integrated to the ecosystem of impact businesses, and aligned with biodiversity conservation, income generation, and the maintenance of traditional knowledge and local vocations.<\/p>\n","protected":false},"excerpt":{"rendered":"<p>The Entrepreneurship and Socio-Environmental Impact Businesses Program of the Humanize Institute stimulates the impact ecosystem in Brazil by supporting implementing organizations \u2013 which operate in rural areas and urban peripheries, and which work with inclusive businesses structured from socio-biodiversity productive chains. In this sense, Humanize directs efforts to different fronts, working to collaborate, for example, [&hellip;]<\/p>\n","protected":false},"author":1,"featured_media":1803,"parent":0,"menu_order":0,"comment_status":"closed","ping_status":"closed","template":"page-programs.php","meta":{"_acf_changed":false,"footnotes":""},"acf":[],"yoast_head":"<!-- This site is optimized with the Yoast SEO plugin v22.6 - https:\/\/yoast.com\/wordpress\/plugins\/seo\/ -->\n<title>Entrepreneurship and Socio-Environmental Impact Businesses (NISA) - Humanize Institute - EN<\/title>\n<meta name=\"description\" content=\"Este programa do humanize estimula um ambiente mais favor\u00e1vel para neg\u00f3cios de impacto socioambiental no Brasil, com destaque para os neg\u00f3cios inclusivos.\" \/>\n<meta name=\"robots\" content=\"index, follow, max-snippet:-1, max-image-preview:large, max-video-preview:-1\" \/>\n<link rel=\"canonical\" href=\"https:\/\/www.ihumanize.org\/en\/entrepreneurship-and-socio-environmental-impact-bunsinesses\/\" \/>\n<meta property=\"og:locale\" content=\"pt_BR\" \/>\n<meta property=\"og:type\" content=\"article\" \/>\n<meta property=\"og:title\" content=\"Entrepreneurship and Socio-Environmental Impact Businesses (NISA) - Humanize Institute - EN\" \/>\n<meta property=\"og:description\" content=\"Este programa do humanize estimula um ambiente mais favor\u00e1vel para neg\u00f3cios de impacto socioambiental no Brasil, com destaque para os neg\u00f3cios inclusivos.\" \/>\n<meta property=\"og:url\" content=\"https:\/\/www.ihumanize.org\/en\/entrepreneurship-and-socio-environmental-impact-bunsinesses\/\" \/>\n<meta property=\"og:site_name\" content=\"Humanize Institute - EN\" \/>\n<meta property=\"article:modified_time\" content=\"2023-05-24T17:32:53+00:00\" \/>\n<meta property=\"og:image\" content=\"https:\/\/www.ihumanize.org\/en\/wp-content\/uploads\/sites\/2\/2021\/09\/Site-Ih-Programa-Empreendedorismo-e-NISA-min-scaled-1.jpeg\" \/>\n\t<meta property=\"og:image:width\" content=\"2560\" \/>\n\t<meta property=\"og:image:height\" content=\"1440\" \/>\n\t<meta property=\"og:image:type\" content=\"image\/jpeg\" \/>\n<meta name=\"twitter:card\" content=\"summary_large_image\" \/>\n<meta name=\"twitter:label1\" content=\"Est. tempo de leitura\" \/>\n\t<meta name=\"twitter:data1\" content=\"1 minuto\" \/>\n<script type=\"application\/ld+json\" class=\"yoast-schema-graph\">{\"@context\":\"https:\/\/schema.org\",\"@graph\":[{\"@type\":\"WebPage\",\"@id\":\"https:\/\/www.ihumanize.org\/en\/entrepreneurship-and-socio-environmental-impact-bunsinesses\/\",\"url\":\"https:\/\/www.ihumanize.org\/en\/entrepreneurship-and-socio-environmental-impact-bunsinesses\/\",\"name\":\"Entrepreneurship and Socio-Environmental Impact Businesses (NISA) - Humanize Institute - EN\",\"isPartOf\":{\"@id\":\"https:\/\/www.ihumanize.org\/en\/#website\"},\"primaryImageOfPage\":{\"@id\":\"https:\/\/www.ihumanize.org\/en\/entrepreneurship-and-socio-environmental-impact-bunsinesses\/#primaryimage\"},\"image\":{\"@id\":\"https:\/\/www.ihumanize.org\/en\/entrepreneurship-and-socio-environmental-impact-bunsinesses\/#primaryimage\"},\"thumbnailUrl\":\"https:\/\/www.ihumanize.org\/en\/wp-content\/uploads\/sites\/2\/2021\/09\/Site-Ih-Programa-Empreendedorismo-e-NISA-min-scaled-1.jpeg\",\"datePublished\":\"2021-07-21T14:04:16+00:00\",\"dateModified\":\"2023-05-24T17:32:53+00:00\",\"description\":\"Este programa do humanize estimula um ambiente mais favor\u00e1vel para neg\u00f3cios de impacto socioambiental no Brasil, com destaque para os neg\u00f3cios inclusivos.\",\"breadcrumb\":{\"@id\":\"https:\/\/www.ihumanize.org\/en\/entrepreneurship-and-socio-environmental-impact-bunsinesses\/#breadcrumb\"},\"inLanguage\":\"pt-BR\",\"potentialAction\":[{\"@type\":\"ReadAction\",\"target\":[\"https:\/\/www.ihumanize.org\/en\/entrepreneurship-and-socio-environmental-impact-bunsinesses\/\"]}]},{\"@type\":\"ImageObject\",\"inLanguage\":\"pt-BR\",\"@id\":\"https:\/\/www.ihumanize.org\/en\/entrepreneurship-and-socio-environmental-impact-bunsinesses\/#primaryimage\",\"url\":\"https:\/\/www.ihumanize.org\/en\/wp-content\/uploads\/sites\/2\/2021\/09\/Site-Ih-Programa-Empreendedorismo-e-NISA-min-scaled-1.jpeg\",\"contentUrl\":\"https:\/\/www.ihumanize.org\/en\/wp-content\/uploads\/sites\/2\/2021\/09\/Site-Ih-Programa-Empreendedorismo-e-NISA-min-scaled-1.jpeg\",\"width\":2560,\"height\":1440},{\"@type\":\"BreadcrumbList\",\"@id\":\"https:\/\/www.ihumanize.org\/en\/entrepreneurship-and-socio-environmental-impact-bunsinesses\/#breadcrumb\",\"itemListElement\":[{\"@type\":\"ListItem\",\"position\":1,\"name\":\"In\u00edcio\",\"item\":\"https:\/\/www.ihumanize.org\/en\/\"},{\"@type\":\"ListItem\",\"position\":2,\"name\":\"Entrepreneurship and Socio-Environmental Impact Businesses (NISA)\"}]},{\"@type\":\"WebSite\",\"@id\":\"https:\/\/www.ihumanize.org\/en\/#website\",\"url\":\"https:\/\/www.ihumanize.org\/en\/\",\"name\":\"Humanize Institute - EN\",\"description\":\"The Humanize Institute is an institution of the third sector\",\"potentialAction\":[{\"@type\":\"SearchAction\",\"target\":{\"@type\":\"EntryPoint\",\"urlTemplate\":\"https:\/\/www.ihumanize.org\/en\/?s={search_term_string}\"},\"query-input\":\"required name=search_term_string\"}],\"inLanguage\":\"pt-BR\"}]}<\/script>\n<!-- \/ Yoast SEO plugin. -->","yoast_head_json":{"title":"Entrepreneurship and Socio-Environmental Impact Businesses (NISA) - Humanize Institute - EN","description":"Este programa do humanize estimula um ambiente mais favor\u00e1vel para neg\u00f3cios de impacto socioambiental no Brasil, com destaque para os neg\u00f3cios inclusivos.","robots":{"index":"index","follow":"follow","max-snippet":"max-snippet:-1","max-image-preview":"max-image-preview:large","max-video-preview":"max-video-preview:-1"},"canonical":"https:\/\/www.ihumanize.org\/en\/entrepreneurship-and-socio-environmental-impact-bunsinesses\/","og_locale":"pt_BR","og_type":"article","og_title":"Entrepreneurship and Socio-Environmental Impact Businesses (NISA) - Humanize Institute - EN","og_description":"Este programa do humanize estimula um ambiente mais favor\u00e1vel para neg\u00f3cios de impacto socioambiental no Brasil, com destaque para os neg\u00f3cios inclusivos.","og_url":"https:\/\/www.ihumanize.org\/en\/entrepreneurship-and-socio-environmental-impact-bunsinesses\/","og_site_name":"Humanize Institute - EN","article_modified_time":"2023-05-24T17:32:53+00:00","og_image":[{"width":2560,"height":1440,"url":"https:\/\/www.ihumanize.org\/en\/wp-content\/uploads\/sites\/2\/2021\/09\/Site-Ih-Programa-Empreendedorismo-e-NISA-min-scaled-1.jpeg","type":"image\/jpeg"}],"twitter_card":"summary_large_image","twitter_misc":{"Est. tempo de leitura":"1 minuto"},"schema":{"@context":"https:\/\/schema.org","@graph":[{"@type":"WebPage","@id":"https:\/\/www.ihumanize.org\/en\/entrepreneurship-and-socio-environmental-impact-bunsinesses\/","url":"https:\/\/www.ihumanize.org\/en\/entrepreneurship-and-socio-environmental-impact-bunsinesses\/","name":"Entrepreneurship and Socio-Environmental Impact Businesses (NISA) - Humanize Institute - EN","isPartOf":{"@id":"https:\/\/www.ihumanize.org\/en\/#website"},"primaryImageOfPage":{"@id":"https:\/\/www.ihumanize.org\/en\/entrepreneurship-and-socio-environmental-impact-bunsinesses\/#primaryimage"},"image":{"@id":"https:\/\/www.ihumanize.org\/en\/entrepreneurship-and-socio-environmental-impact-bunsinesses\/#primaryimage"},"thumbnailUrl":"https:\/\/www.ihumanize.org\/en\/wp-content\/uploads\/sites\/2\/2021\/09\/Site-Ih-Programa-Empreendedorismo-e-NISA-min-scaled-1.jpeg","datePublished":"2021-07-21T14:04:16+00:00","dateModified":"2023-05-24T17:32:53+00:00","description":"Este programa do humanize estimula um ambiente mais favor\u00e1vel para neg\u00f3cios de impacto socioambiental no Brasil, com destaque para os neg\u00f3cios inclusivos.","breadcrumb":{"@id":"https:\/\/www.ihumanize.org\/en\/entrepreneurship-and-socio-environmental-impact-bunsinesses\/#breadcrumb"},"inLanguage":"pt-BR","potentialAction":[{"@type":"ReadAction","target":["https:\/\/www.ihumanize.org\/en\/entrepreneurship-and-socio-environmental-impact-bunsinesses\/"]}]},{"@type":"ImageObject","inLanguage":"pt-BR","@id":"https:\/\/www.ihumanize.org\/en\/entrepreneurship-and-socio-environmental-impact-bunsinesses\/#primaryimage","url":"https:\/\/www.ihumanize.org\/en\/wp-content\/uploads\/sites\/2\/2021\/09\/Site-Ih-Programa-Empreendedorismo-e-NISA-min-scaled-1.jpeg","contentUrl":"https:\/\/www.ihumanize.org\/en\/wp-content\/uploads\/sites\/2\/2021\/09\/Site-Ih-Programa-Empreendedorismo-e-NISA-min-scaled-1.jpeg","width":2560,"height":1440},{"@type":"BreadcrumbList","@id":"https:\/\/www.ihumanize.org\/en\/entrepreneurship-and-socio-environmental-impact-bunsinesses\/#breadcrumb","itemListElement":[{"@type":"ListItem","position":1,"name":"In\u00edcio","item":"https:\/\/www.ihumanize.org\/en\/"},{"@type":"ListItem","position":2,"name":"Entrepreneurship and Socio-Environmental Impact Businesses (NISA)"}]},{"@type":"WebSite","@id":"https:\/\/www.ihumanize.org\/en\/#website","url":"https:\/\/www.ihumanize.org\/en\/","name":"Humanize Institute - EN","description":"The Humanize Institute is an institution of the third sector","potentialAction":[{"@type":"SearchAction","target":{"@type":"EntryPoint","urlTemplate":"https:\/\/www.ihumanize.org\/en\/?s={search_term_string}"},"query-input":"required name=search_term_string"}],"inLanguage":"pt-BR"}]}},"_links":{"self":[{"href":"https:\/\/www.ihumanize.org\/en\/wp-json\/wp\/v2\/pages\/400"}],"collection":[{"href":"https:\/\/www.ihumanize.org\/en\/wp-json\/wp\/v2\/pages"}],"about":[{"href":"https:\/\/www.ihumanize.org\/en\/wp-json\/wp\/v2\/types\/page"}],"author":[{"embeddable":true,"href":"https:\/\/www.ihumanize.org\/en\/wp-json\/wp\/v2\/users\/1"}],"replies":[{"embeddable":true,"href":"https:\/\/www.ihumanize.org\/en\/wp-json\/wp\/v2\/comments?post=400"}],"version-history":[{"count":15,"href":"https:\/\/www.ihumanize.org\/en\/wp-json\/wp\/v2\/pages\/400\/revisions"}],"predecessor-version":[{"id":2571,"href":"https:\/\/www.ihumanize.org\/en\/wp-json\/wp\/v2\/pages\/400\/revisions\/2571"}],"wp:featuredmedia":[{"embeddable":true,"href":"https:\/\/www.ihumanize.org\/en\/wp-json\/wp\/v2\/media\/1803"}],"wp:attachment":[{"href":"https:\/\/www.ihumanize.org\/en\/wp-json\/wp\/v2\/media?parent=400"}],"curies":[{"name":"wp","href":"https:\/\/api.w.org\/{rel}","templated":true}]}}