{"id":409,"date":"2021-07-21T11:14:53","date_gmt":"2021-07-21T14:14:53","guid":{"rendered":"https:\/\/www.ihumanize.org\/?page_id=409"},"modified":"2023-05-24T14:33:40","modified_gmt":"2023-05-24T17:33:40","slug":"public-management","status":"publish","type":"page","link":"https:\/\/www.ihumanize.org\/en\/public-management\/","title":{"rendered":"Public Management"},"content":{"rendered":"<p>The Public Management Program of Humanize Institute aims at helping to promote public efficiency, which includes efforts to generate higher-quality services for the population. One of the paths the program chose to trace is seen in the work that focuses on strengthening both the training of third-sector agents and the people management system in governments.<\/p>\n<p>In this line, the institute aims at contributing to making the agenda of people management in the public sector more solid, reaching a wider ecosystem. This includes consolidating organizations that implement projects with the governments and public and private education institutions, mainly focused on expanding the production and dissemination of knowledge and training of public managers.<\/p>\n<p>Regarding the impacting social investment ecosystem, the institute acts in a strategic way when it comes to strengthen the public management, especially because of the awareness that transformations fostered by the third sector and the private sector need a better chance of institutionalizing and gaining scale.<\/p>\n<p>In the perspective of territorial development, the program and Humanize base their actions on three main strategies: Development of institutional capabilities; development of individual capabilities for public managers; and articulated action among the three sectors, acknowledging the power of a synergistic action with the Third Sector.<\/p>\n<p>Basically, innovating, scaling good practices and implementing public policies are among the points that are valued by the program, once Humanize believes these topics may collaborate with a fairer, more inclusive, sustainable country.<\/p>\n","protected":false},"excerpt":{"rendered":"<p>The Public Management Program of Humanize Institute aims at helping to promote public efficiency, which includes efforts to generate higher-quality services for the population. One of the paths the program chose to trace is seen in the work that focuses on strengthening both the training of third-sector agents and the people management system in governments. [&hellip;]<\/p>\n","protected":false},"author":1,"featured_media":2563,"parent":0,"menu_order":0,"comment_status":"closed","ping_status":"closed","template":"page-programs.php","meta":{"_acf_changed":false,"footnotes":""},"acf":[],"yoast_head":"<!-- This site is optimized with the Yoast SEO plugin v22.6 - https:\/\/yoast.com\/wordpress\/plugins\/seo\/ -->\n<title>Public Management - Humanize Institute - EN<\/title>\n<meta name=\"description\" content=\"Este programa do humanize visa contribuir para a promo\u00e7\u00e3o da efici\u00eancia p\u00fablica, fortalecendo a capacita\u00e7\u00e3o e o sistema de gest\u00e3o de pessoas em governos\" \/>\n<meta name=\"robots\" content=\"index, follow, max-snippet:-1, max-image-preview:large, max-video-preview:-1\" \/>\n<link rel=\"canonical\" href=\"https:\/\/www.ihumanize.org\/en\/public-management\/\" \/>\n<meta property=\"og:locale\" content=\"pt_BR\" \/>\n<meta property=\"og:type\" content=\"article\" \/>\n<meta property=\"og:title\" content=\"Public Management - Humanize Institute - EN\" \/>\n<meta property=\"og:description\" content=\"Este programa do humanize visa contribuir para a promo\u00e7\u00e3o da efici\u00eancia p\u00fablica, fortalecendo a capacita\u00e7\u00e3o e o sistema de gest\u00e3o de pessoas em governos\" \/>\n<meta property=\"og:url\" content=\"https:\/\/www.ihumanize.org\/en\/public-management\/\" \/>\n<meta property=\"og:site_name\" content=\"Humanize Institute - EN\" \/>\n<meta property=\"article:modified_time\" content=\"2023-05-24T17:33:40+00:00\" \/>\n<meta property=\"og:image\" content=\"https:\/\/www.ihumanize.org\/en\/wp-content\/uploads\/sites\/2\/2023\/05\/Gestao-Publica-Header-Instituto-humanize-scaled.jpg\" \/>\n\t<meta property=\"og:image:width\" content=\"2560\" \/>\n\t<meta property=\"og:image:height\" content=\"1222\" \/>\n\t<meta property=\"og:image:type\" content=\"image\/jpeg\" \/>\n<meta name=\"twitter:card\" content=\"summary_large_image\" \/>\n<meta name=\"twitter:label1\" content=\"Est. tempo de leitura\" \/>\n\t<meta name=\"twitter:data1\" content=\"2 minutos\" \/>\n<script type=\"application\/ld+json\" class=\"yoast-schema-graph\">{\"@context\":\"https:\/\/schema.org\",\"@graph\":[{\"@type\":\"WebPage\",\"@id\":\"https:\/\/www.ihumanize.org\/en\/public-management\/\",\"url\":\"https:\/\/www.ihumanize.org\/en\/public-management\/\",\"name\":\"Public Management - Humanize Institute - EN\",\"isPartOf\":{\"@id\":\"https:\/\/www.ihumanize.org\/en\/#website\"},\"primaryImageOfPage\":{\"@id\":\"https:\/\/www.ihumanize.org\/en\/public-management\/#primaryimage\"},\"image\":{\"@id\":\"https:\/\/www.ihumanize.org\/en\/public-management\/#primaryimage\"},\"thumbnailUrl\":\"https:\/\/www.ihumanize.org\/en\/wp-content\/uploads\/sites\/2\/2023\/05\/Gestao-Publica-Header-Instituto-humanize-scaled.jpg\",\"datePublished\":\"2021-07-21T14:14:53+00:00\",\"dateModified\":\"2023-05-24T17:33:40+00:00\",\"description\":\"Este programa do humanize visa contribuir para a promo\u00e7\u00e3o da efici\u00eancia p\u00fablica, fortalecendo a capacita\u00e7\u00e3o e o sistema de gest\u00e3o de pessoas em governos\",\"breadcrumb\":{\"@id\":\"https:\/\/www.ihumanize.org\/en\/public-management\/#breadcrumb\"},\"inLanguage\":\"pt-BR\",\"potentialAction\":[{\"@type\":\"ReadAction\",\"target\":[\"https:\/\/www.ihumanize.org\/en\/public-management\/\"]}]},{\"@type\":\"ImageObject\",\"inLanguage\":\"pt-BR\",\"@id\":\"https:\/\/www.ihumanize.org\/en\/public-management\/#primaryimage\",\"url\":\"https:\/\/www.ihumanize.org\/en\/wp-content\/uploads\/sites\/2\/2023\/05\/Gestao-Publica-Header-Instituto-humanize-scaled.jpg\",\"contentUrl\":\"https:\/\/www.ihumanize.org\/en\/wp-content\/uploads\/sites\/2\/2023\/05\/Gestao-Publica-Header-Instituto-humanize-scaled.jpg\",\"width\":2560,\"height\":1222},{\"@type\":\"BreadcrumbList\",\"@id\":\"https:\/\/www.ihumanize.org\/en\/public-management\/#breadcrumb\",\"itemListElement\":[{\"@type\":\"ListItem\",\"position\":1,\"name\":\"In\u00edcio\",\"item\":\"https:\/\/www.ihumanize.org\/en\/\"},{\"@type\":\"ListItem\",\"position\":2,\"name\":\"Public Management\"}]},{\"@type\":\"WebSite\",\"@id\":\"https:\/\/www.ihumanize.org\/en\/#website\",\"url\":\"https:\/\/www.ihumanize.org\/en\/\",\"name\":\"Humanize Institute - EN\",\"description\":\"The Humanize Institute is an institution of the third sector\",\"potentialAction\":[{\"@type\":\"SearchAction\",\"target\":{\"@type\":\"EntryPoint\",\"urlTemplate\":\"https:\/\/www.ihumanize.org\/en\/?s={search_term_string}\"},\"query-input\":\"required name=search_term_string\"}],\"inLanguage\":\"pt-BR\"}]}<\/script>\n<!-- \/ Yoast SEO plugin. -->","yoast_head_json":{"title":"Public Management - Humanize Institute - EN","description":"Este programa do humanize visa contribuir para a promo\u00e7\u00e3o da efici\u00eancia p\u00fablica, fortalecendo a capacita\u00e7\u00e3o e o sistema de gest\u00e3o de pessoas em governos","robots":{"index":"index","follow":"follow","max-snippet":"max-snippet:-1","max-image-preview":"max-image-preview:large","max-video-preview":"max-video-preview:-1"},"canonical":"https:\/\/www.ihumanize.org\/en\/public-management\/","og_locale":"pt_BR","og_type":"article","og_title":"Public Management - Humanize Institute - EN","og_description":"Este programa do humanize visa contribuir para a promo\u00e7\u00e3o da efici\u00eancia p\u00fablica, fortalecendo a capacita\u00e7\u00e3o e o sistema de gest\u00e3o de pessoas em governos","og_url":"https:\/\/www.ihumanize.org\/en\/public-management\/","og_site_name":"Humanize Institute - EN","article_modified_time":"2023-05-24T17:33:40+00:00","og_image":[{"width":2560,"height":1222,"url":"https:\/\/www.ihumanize.org\/en\/wp-content\/uploads\/sites\/2\/2023\/05\/Gestao-Publica-Header-Instituto-humanize-scaled.jpg","type":"image\/jpeg"}],"twitter_card":"summary_large_image","twitter_misc":{"Est. tempo de leitura":"2 minutos"},"schema":{"@context":"https:\/\/schema.org","@graph":[{"@type":"WebPage","@id":"https:\/\/www.ihumanize.org\/en\/public-management\/","url":"https:\/\/www.ihumanize.org\/en\/public-management\/","name":"Public Management - Humanize Institute - EN","isPartOf":{"@id":"https:\/\/www.ihumanize.org\/en\/#website"},"primaryImageOfPage":{"@id":"https:\/\/www.ihumanize.org\/en\/public-management\/#primaryimage"},"image":{"@id":"https:\/\/www.ihumanize.org\/en\/public-management\/#primaryimage"},"thumbnailUrl":"https:\/\/www.ihumanize.org\/en\/wp-content\/uploads\/sites\/2\/2023\/05\/Gestao-Publica-Header-Instituto-humanize-scaled.jpg","datePublished":"2021-07-21T14:14:53+00:00","dateModified":"2023-05-24T17:33:40+00:00","description":"Este programa do humanize visa contribuir para a promo\u00e7\u00e3o da efici\u00eancia p\u00fablica, fortalecendo a capacita\u00e7\u00e3o e o sistema de gest\u00e3o de pessoas em governos","breadcrumb":{"@id":"https:\/\/www.ihumanize.org\/en\/public-management\/#breadcrumb"},"inLanguage":"pt-BR","potentialAction":[{"@type":"ReadAction","target":["https:\/\/www.ihumanize.org\/en\/public-management\/"]}]},{"@type":"ImageObject","inLanguage":"pt-BR","@id":"https:\/\/www.ihumanize.org\/en\/public-management\/#primaryimage","url":"https:\/\/www.ihumanize.org\/en\/wp-content\/uploads\/sites\/2\/2023\/05\/Gestao-Publica-Header-Instituto-humanize-scaled.jpg","contentUrl":"https:\/\/www.ihumanize.org\/en\/wp-content\/uploads\/sites\/2\/2023\/05\/Gestao-Publica-Header-Instituto-humanize-scaled.jpg","width":2560,"height":1222},{"@type":"BreadcrumbList","@id":"https:\/\/www.ihumanize.org\/en\/public-management\/#breadcrumb","itemListElement":[{"@type":"ListItem","position":1,"name":"In\u00edcio","item":"https:\/\/www.ihumanize.org\/en\/"},{"@type":"ListItem","position":2,"name":"Public Management"}]},{"@type":"WebSite","@id":"https:\/\/www.ihumanize.org\/en\/#website","url":"https:\/\/www.ihumanize.org\/en\/","name":"Humanize Institute - EN","description":"The Humanize Institute is an institution of the third sector","potentialAction":[{"@type":"SearchAction","target":{"@type":"EntryPoint","urlTemplate":"https:\/\/www.ihumanize.org\/en\/?s={search_term_string}"},"query-input":"required name=search_term_string"}],"inLanguage":"pt-BR"}]}},"_links":{"self":[{"href":"https:\/\/www.ihumanize.org\/en\/wp-json\/wp\/v2\/pages\/409"}],"collection":[{"href":"https:\/\/www.ihumanize.org\/en\/wp-json\/wp\/v2\/pages"}],"about":[{"href":"https:\/\/www.ihumanize.org\/en\/wp-json\/wp\/v2\/types\/page"}],"author":[{"embeddable":true,"href":"https:\/\/www.ihumanize.org\/en\/wp-json\/wp\/v2\/users\/1"}],"replies":[{"embeddable":true,"href":"https:\/\/www.ihumanize.org\/en\/wp-json\/wp\/v2\/comments?post=409"}],"version-history":[{"count":13,"href":"https:\/\/www.ihumanize.org\/en\/wp-json\/wp\/v2\/pages\/409\/revisions"}],"predecessor-version":[{"id":2572,"href":"https:\/\/www.ihumanize.org\/en\/wp-json\/wp\/v2\/pages\/409\/revisions\/2572"}],"wp:featuredmedia":[{"embeddable":true,"href":"https:\/\/www.ihumanize.org\/en\/wp-json\/wp\/v2\/media\/2563"}],"wp:attachment":[{"href":"https:\/\/www.ihumanize.org\/en\/wp-json\/wp\/v2\/media?parent=409"}],"curies":[{"name":"wp","href":"https:\/\/api.w.org\/{rel}","templated":true}]}}