{"id":88,"date":"2021-06-30T17:45:36","date_gmt":"2021-06-30T20:45:36","guid":{"rendered":"https:\/\/www.ihumanize.org\/?page_id=88"},"modified":"2023-05-24T14:35:12","modified_gmt":"2023-05-24T17:35:12","slug":"susteinable-use","status":"publish","type":"page","link":"https:\/\/www.ihumanize.org\/en\/susteinable-use\/","title":{"rendered":"Sustainable Use"},"content":{"rendered":"<p>The Sustainable Use Program, from Humanize Institute, has a diverse action around Brazil, conducting work focused on territorial strengths associated to socioeconomic viability, which points out to efforts aiming at improving quality of life of producers and extractivists, as well as encouraging the establishment of practices that enable a more sustainable development. In this sense, the institution is making increasingly conscious efforts to work with a focus on promoting territorial impact, which goes through compromising in supporting structuring actions of production chains of socio-biodiversity and supporting the renovation agenda.<\/p>\n<p>To advance in this context, Humanize believes it is important to stimulate sustainable techniques and invest in actions such as training of rural producers and artisanal fishers, which reflects on the expansion of access to the market, the fair and inclusive commercialization, and the support to conservation and sustainable use of natural habitats.<\/p>\n<p>In consonance with this belief, program\u2019s performance coincides with the institute\u2019s search to work in a more integrated way with the impact business ecosystem. Regarding bioeconomy products, the institute found that, for the business to scale, there should be investment in structuring the target chain. This includes training producers and extractivists, as well as disseminating best practices, developing local organizations and infrastructure for processing. Humanize also believes that all these elements add greater value to the product, underly traceability, contribute to matters such as source denomination, certification, and economic, social, and environmental sustainability reach.<\/p>\n<p>Also regarding the Sustainable Use Program, in a structuring perspective, it has acted in an increasingly integrated way to the Public Management. Behind that lies the motivation to raise awareness and engage the public sector in face of actions focused on the development and enhancement of policies in favor of matters related to socio-biodiversity chains.<\/p>\n<p>In the same perspective and considering that the time needed to promote key changes in socio-biodiversity chains usually exceed the period determined in a project, the Sustainable Use Program has supported the development of people and organizations to help with mid-term and long-term solutions and ensure continuity in the efforts initiated in the territories.<\/p>\n","protected":false},"excerpt":{"rendered":"<p>The Sustainable Use Program, from Humanize Institute, has a diverse action around Brazil, conducting work focused on territorial strengths associated to socioeconomic viability, which points out to efforts aiming at improving quality of life of producers and extractivists, as well as encouraging the establishment of practices that enable a more sustainable development. In this sense, [&hellip;]<\/p>\n","protected":false},"author":1,"featured_media":1843,"parent":0,"menu_order":0,"comment_status":"closed","ping_status":"closed","template":"page-programs.php","meta":{"_acf_changed":false,"footnotes":""},"acf":[],"yoast_head":"<!-- This site is optimized with the Yoast SEO plugin v22.6 - https:\/\/yoast.com\/wordpress\/plugins\/seo\/ -->\n<title>Sustainable Use - Humanize Institute - EN<\/title>\n<meta name=\"description\" content=\"O programa Uso Sustent\u00e1vel, do humanize, tem atua\u00e7\u00e3o plural no Brasil, buscando promover a estrutura\u00e7\u00e3o de cadeias produtivas da sociobiodiversidade.\" \/>\n<meta name=\"robots\" content=\"index, follow, max-snippet:-1, max-image-preview:large, max-video-preview:-1\" \/>\n<link rel=\"canonical\" href=\"https:\/\/www.ihumanize.org\/en\/susteinable-use\/\" \/>\n<meta property=\"og:locale\" content=\"pt_BR\" \/>\n<meta property=\"og:type\" content=\"article\" \/>\n<meta property=\"og:title\" content=\"Sustainable Use - Humanize Institute - EN\" \/>\n<meta property=\"og:description\" content=\"O programa Uso Sustent\u00e1vel, do humanize, tem atua\u00e7\u00e3o plural no Brasil, buscando promover a estrutura\u00e7\u00e3o de cadeias produtivas da sociobiodiversidade.\" \/>\n<meta property=\"og:url\" content=\"https:\/\/www.ihumanize.org\/en\/susteinable-use\/\" \/>\n<meta property=\"og:site_name\" content=\"Humanize Institute - EN\" \/>\n<meta property=\"article:modified_time\" content=\"2023-05-24T17:35:12+00:00\" \/>\n<meta property=\"og:image\" content=\"https:\/\/www.ihumanize.org\/en\/wp-content\/uploads\/sites\/2\/2021\/09\/Site-Ih-Programa-Uso-Sustentavel-min-scaled-1.jpeg\" \/>\n\t<meta property=\"og:image:width\" content=\"2560\" \/>\n\t<meta property=\"og:image:height\" content=\"1706\" \/>\n\t<meta property=\"og:image:type\" content=\"image\/jpeg\" \/>\n<meta name=\"twitter:card\" content=\"summary_large_image\" \/>\n<meta name=\"twitter:label1\" content=\"Est. tempo de leitura\" \/>\n\t<meta name=\"twitter:data1\" content=\"2 minutos\" \/>\n<script type=\"application\/ld+json\" class=\"yoast-schema-graph\">{\"@context\":\"https:\/\/schema.org\",\"@graph\":[{\"@type\":\"WebPage\",\"@id\":\"https:\/\/www.ihumanize.org\/en\/susteinable-use\/\",\"url\":\"https:\/\/www.ihumanize.org\/en\/susteinable-use\/\",\"name\":\"Sustainable Use - Humanize Institute - EN\",\"isPartOf\":{\"@id\":\"https:\/\/www.ihumanize.org\/en\/#website\"},\"primaryImageOfPage\":{\"@id\":\"https:\/\/www.ihumanize.org\/en\/susteinable-use\/#primaryimage\"},\"image\":{\"@id\":\"https:\/\/www.ihumanize.org\/en\/susteinable-use\/#primaryimage\"},\"thumbnailUrl\":\"https:\/\/www.ihumanize.org\/en\/wp-content\/uploads\/sites\/2\/2021\/09\/Site-Ih-Programa-Uso-Sustentavel-min-scaled-1.jpeg\",\"datePublished\":\"2021-06-30T20:45:36+00:00\",\"dateModified\":\"2023-05-24T17:35:12+00:00\",\"description\":\"O programa Uso Sustent\u00e1vel, do humanize, tem atua\u00e7\u00e3o plural no Brasil, buscando promover a estrutura\u00e7\u00e3o de cadeias produtivas da sociobiodiversidade.\",\"breadcrumb\":{\"@id\":\"https:\/\/www.ihumanize.org\/en\/susteinable-use\/#breadcrumb\"},\"inLanguage\":\"pt-BR\",\"potentialAction\":[{\"@type\":\"ReadAction\",\"target\":[\"https:\/\/www.ihumanize.org\/en\/susteinable-use\/\"]}]},{\"@type\":\"ImageObject\",\"inLanguage\":\"pt-BR\",\"@id\":\"https:\/\/www.ihumanize.org\/en\/susteinable-use\/#primaryimage\",\"url\":\"https:\/\/www.ihumanize.org\/en\/wp-content\/uploads\/sites\/2\/2021\/09\/Site-Ih-Programa-Uso-Sustentavel-min-scaled-1.jpeg\",\"contentUrl\":\"https:\/\/www.ihumanize.org\/en\/wp-content\/uploads\/sites\/2\/2021\/09\/Site-Ih-Programa-Uso-Sustentavel-min-scaled-1.jpeg\",\"width\":2560,\"height\":1706},{\"@type\":\"BreadcrumbList\",\"@id\":\"https:\/\/www.ihumanize.org\/en\/susteinable-use\/#breadcrumb\",\"itemListElement\":[{\"@type\":\"ListItem\",\"position\":1,\"name\":\"In\u00edcio\",\"item\":\"https:\/\/www.ihumanize.org\/en\/\"},{\"@type\":\"ListItem\",\"position\":2,\"name\":\"Sustainable Use\"}]},{\"@type\":\"WebSite\",\"@id\":\"https:\/\/www.ihumanize.org\/en\/#website\",\"url\":\"https:\/\/www.ihumanize.org\/en\/\",\"name\":\"Humanize Institute - EN\",\"description\":\"The Humanize Institute is an institution of the third sector\",\"potentialAction\":[{\"@type\":\"SearchAction\",\"target\":{\"@type\":\"EntryPoint\",\"urlTemplate\":\"https:\/\/www.ihumanize.org\/en\/?s={search_term_string}\"},\"query-input\":\"required name=search_term_string\"}],\"inLanguage\":\"pt-BR\"}]}<\/script>\n<!-- \/ Yoast SEO plugin. -->","yoast_head_json":{"title":"Sustainable Use - Humanize Institute - EN","description":"O programa Uso Sustent\u00e1vel, do humanize, tem atua\u00e7\u00e3o plural no Brasil, buscando promover a estrutura\u00e7\u00e3o de cadeias produtivas da sociobiodiversidade.","robots":{"index":"index","follow":"follow","max-snippet":"max-snippet:-1","max-image-preview":"max-image-preview:large","max-video-preview":"max-video-preview:-1"},"canonical":"https:\/\/www.ihumanize.org\/en\/susteinable-use\/","og_locale":"pt_BR","og_type":"article","og_title":"Sustainable Use - Humanize Institute - EN","og_description":"O programa Uso Sustent\u00e1vel, do humanize, tem atua\u00e7\u00e3o plural no Brasil, buscando promover a estrutura\u00e7\u00e3o de cadeias produtivas da sociobiodiversidade.","og_url":"https:\/\/www.ihumanize.org\/en\/susteinable-use\/","og_site_name":"Humanize Institute - EN","article_modified_time":"2023-05-24T17:35:12+00:00","og_image":[{"width":2560,"height":1706,"url":"https:\/\/www.ihumanize.org\/en\/wp-content\/uploads\/sites\/2\/2021\/09\/Site-Ih-Programa-Uso-Sustentavel-min-scaled-1.jpeg","type":"image\/jpeg"}],"twitter_card":"summary_large_image","twitter_misc":{"Est. tempo de leitura":"2 minutos"},"schema":{"@context":"https:\/\/schema.org","@graph":[{"@type":"WebPage","@id":"https:\/\/www.ihumanize.org\/en\/susteinable-use\/","url":"https:\/\/www.ihumanize.org\/en\/susteinable-use\/","name":"Sustainable Use - Humanize Institute - EN","isPartOf":{"@id":"https:\/\/www.ihumanize.org\/en\/#website"},"primaryImageOfPage":{"@id":"https:\/\/www.ihumanize.org\/en\/susteinable-use\/#primaryimage"},"image":{"@id":"https:\/\/www.ihumanize.org\/en\/susteinable-use\/#primaryimage"},"thumbnailUrl":"https:\/\/www.ihumanize.org\/en\/wp-content\/uploads\/sites\/2\/2021\/09\/Site-Ih-Programa-Uso-Sustentavel-min-scaled-1.jpeg","datePublished":"2021-06-30T20:45:36+00:00","dateModified":"2023-05-24T17:35:12+00:00","description":"O programa Uso Sustent\u00e1vel, do humanize, tem atua\u00e7\u00e3o plural no Brasil, buscando promover a estrutura\u00e7\u00e3o de cadeias produtivas da sociobiodiversidade.","breadcrumb":{"@id":"https:\/\/www.ihumanize.org\/en\/susteinable-use\/#breadcrumb"},"inLanguage":"pt-BR","potentialAction":[{"@type":"ReadAction","target":["https:\/\/www.ihumanize.org\/en\/susteinable-use\/"]}]},{"@type":"ImageObject","inLanguage":"pt-BR","@id":"https:\/\/www.ihumanize.org\/en\/susteinable-use\/#primaryimage","url":"https:\/\/www.ihumanize.org\/en\/wp-content\/uploads\/sites\/2\/2021\/09\/Site-Ih-Programa-Uso-Sustentavel-min-scaled-1.jpeg","contentUrl":"https:\/\/www.ihumanize.org\/en\/wp-content\/uploads\/sites\/2\/2021\/09\/Site-Ih-Programa-Uso-Sustentavel-min-scaled-1.jpeg","width":2560,"height":1706},{"@type":"BreadcrumbList","@id":"https:\/\/www.ihumanize.org\/en\/susteinable-use\/#breadcrumb","itemListElement":[{"@type":"ListItem","position":1,"name":"In\u00edcio","item":"https:\/\/www.ihumanize.org\/en\/"},{"@type":"ListItem","position":2,"name":"Sustainable Use"}]},{"@type":"WebSite","@id":"https:\/\/www.ihumanize.org\/en\/#website","url":"https:\/\/www.ihumanize.org\/en\/","name":"Humanize Institute - EN","description":"The Humanize Institute is an institution of the third sector","potentialAction":[{"@type":"SearchAction","target":{"@type":"EntryPoint","urlTemplate":"https:\/\/www.ihumanize.org\/en\/?s={search_term_string}"},"query-input":"required name=search_term_string"}],"inLanguage":"pt-BR"}]}},"_links":{"self":[{"href":"https:\/\/www.ihumanize.org\/en\/wp-json\/wp\/v2\/pages\/88"}],"collection":[{"href":"https:\/\/www.ihumanize.org\/en\/wp-json\/wp\/v2\/pages"}],"about":[{"href":"https:\/\/www.ihumanize.org\/en\/wp-json\/wp\/v2\/types\/page"}],"author":[{"embeddable":true,"href":"https:\/\/www.ihumanize.org\/en\/wp-json\/wp\/v2\/users\/1"}],"replies":[{"embeddable":true,"href":"https:\/\/www.ihumanize.org\/en\/wp-json\/wp\/v2\/comments?post=88"}],"version-history":[{"count":18,"href":"https:\/\/www.ihumanize.org\/en\/wp-json\/wp\/v2\/pages\/88\/revisions"}],"predecessor-version":[{"id":2574,"href":"https:\/\/www.ihumanize.org\/en\/wp-json\/wp\/v2\/pages\/88\/revisions\/2574"}],"wp:featuredmedia":[{"embeddable":true,"href":"https:\/\/www.ihumanize.org\/en\/wp-json\/wp\/v2\/media\/1843"}],"wp:attachment":[{"href":"https:\/\/www.ihumanize.org\/en\/wp-json\/wp\/v2\/media?parent=88"}],"curies":[{"name":"wp","href":"https:\/\/api.w.org\/{rel}","templated":true}]}}